{"id":16,"date":"2026-05-06T09:50:18","date_gmt":"2026-05-06T09:50:18","guid":{"rendered":"https:\/\/sametex.cz\/?page_id=16"},"modified":"2026-05-07T07:16:58","modified_gmt":"2026-05-07T07:16:58","slug":"home","status":"publish","type":"page","link":"https:\/\/sametex.cz\/","title":{"rendered":"Home"},"content":{"rendered":"\t\t<div data-elementor-type=\"wp-page\" data-elementor-id=\"16\" class=\"elementor elementor-16\" data-elementor-post-type=\"page\">\n\t\t\t\t<div class=\"elementor-element elementor-element-58d20b5 e-con-full e-flex e-con e-parent\" data-id=\"58d20b5\" data-element_type=\"container\" data-e-type=\"container\" data-settings=\"{&quot;background_background&quot;:&quot;classic&quot;}\">\n\t\t\t\t<div class=\"elementor-element elementor-element-d576121 elementor-widget elementor-widget-image\" data-id=\"d576121\" data-element_type=\"widget\" data-e-type=\"widget\" data-widget_type=\"image.default\">\n\t\t\t\t\t\t\t\t\t\t\t\t\t\t\t<img fetchpriority=\"high\" decoding=\"async\" width=\"637\" height=\"272\" src=\"https:\/\/sametex.cz\/wp-content\/uploads\/2026\/05\/samtexlogo-1.png\" class=\"attachment-large size-large wp-image-22\" alt=\"\" srcset=\"https:\/\/sametex.cz\/wp-content\/uploads\/2026\/05\/samtexlogo-1.png 637w, https:\/\/sametex.cz\/wp-content\/uploads\/2026\/05\/samtexlogo-1-300x128.png 300w\" sizes=\"(max-width: 637px) 100vw, 637px\" \/>\t\t\t\t\t\t\t\t\t\t\t\t\t\t\t<\/div>\n\t\t\t\t<div class=\"elementor-element elementor-element-1aa8311 elementor-widget elementor-widget-text-editor\" data-id=\"1aa8311\" data-element_type=\"widget\" data-e-type=\"widget\" data-widget_type=\"text-editor.default\">\n\t\t\t\t\t\t\t\t\t<p>V\u00fdroba ve spole\u010dnosti ukon\u010dena<br \/>k 30.06.2025.<br \/>Kontakt: <a href=\"mailto:info@sametex.cz\"><span style=\"text-decoration: underline;\">info@sametex.cz<\/span><\/a><\/p>\t\t\t\t\t\t\t\t<\/div>\n\t\t\t\t<div class=\"elementor-element elementor-element-82a8841 elementor-widget elementor-widget-image\" data-id=\"82a8841\" data-element_type=\"widget\" data-e-type=\"widget\" data-widget_type=\"image.default\">\n\t\t\t\t\t\t\t\t\t\t\t\t\t\t\t<img decoding=\"async\" width=\"150\" height=\"150\" src=\"https:\/\/sametex.cz\/wp-content\/uploads\/2026\/05\/qr_code-150x150.png\" class=\"attachment-thumbnail size-thumbnail wp-image-23\" alt=\"\" \/>\t\t\t\t\t\t\t\t\t\t\t\t\t\t\t<\/div>\n\t\t\t\t<\/div>\n\t\t\t\t<\/div>\n\t\t","protected":false},"excerpt":{"rendered":"<p>V\u00fdroba ve spole\u010dnosti ukon\u010denak 30.06.2025.Kontakt: info@sametex.cz<\/p>\n","protected":false},"author":1,"featured_media":0,"parent":0,"menu_order":0,"comment_status":"closed","ping_status":"closed","template":"elementor_header_footer","meta":{"footnotes":""},"class_list":["post-16","page","type-page","status-publish","hentry"],"_links":{"self":[{"href":"https:\/\/sametex.cz\/index.php?rest_route=\/wp\/v2\/pages\/16","targetHints":{"allow":["GET"]}}],"collection":[{"href":"https:\/\/sametex.cz\/index.php?rest_route=\/wp\/v2\/pages"}],"about":[{"href":"https:\/\/sametex.cz\/index.php?rest_route=\/wp\/v2\/types\/page"}],"author":[{"embeddable":true,"href":"https:\/\/sametex.cz\/index.php?rest_route=\/wp\/v2\/users\/1"}],"replies":[{"embeddable":true,"href":"https:\/\/sametex.cz\/index.php?rest_route=%2Fwp%2Fv2%2Fcomments&post=16"}],"version-history":[{"count":34,"href":"https:\/\/sametex.cz\/index.php?rest_route=\/wp\/v2\/pages\/16\/revisions"}],"predecessor-version":[{"id":59,"href":"https:\/\/sametex.cz\/index.php?rest_route=\/wp\/v2\/pages\/16\/revisions\/59"}],"wp:attachment":[{"href":"https:\/\/sametex.cz\/index.php?rest_route=%2Fwp%2Fv2%2Fmedia&parent=16"}],"curies":[{"name":"wp","href":"https:\/\/api.w.org\/{rel}","templated":true}]}}